{"id":2,"date":"2016-05-10T03:48:21","date_gmt":"2016-05-10T03:48:21","guid":{"rendered":"http:\/\/wp452m.a10-52-158-154.qa.plesk.ru\/wordpress\/?page_id=2"},"modified":"2020-10-12T08:36:57","modified_gmt":"2020-10-12T08:36:57","slug":"sample-page","status":"publish","type":"page","link":"https:\/\/proinnovativa.eu\/?page_id=2&lang=pl","title":{"rendered":"Dlaczego warto chroni\u0107 IP ? \/ Why protect your IP?"},"content":{"rendered":"<p><span style=\"color: #000000;\">Innowacyjno\u015b\u0107 i kreatywno\u015b\u0107 to klucz do osi\u0105gni\u0119cia sukcesu. Posiadasz innowacyjny pomys\u0142, zastanawiasz si\u0119 nad wprowadzeniem nowego produktu, oznaczonego wyr\u00f3\u017cniaj\u0105c\u0105 nazw\u0105? Najwy\u017cszy czas aby\u015b zdecydowa\u0142 si\u0119 na ochron\u0119 swojej w\u0142asno\u015bci intelektualnej. W\u0142asno\u015b\u0107 intelektualna to wytwory umys\u0142u: wynalazki, nazwy i wzory u\u017cywane w handlu.<\/span><\/p>\n<p><span style=\"color: #000000;\">Ochrona w\u0142asno\u015bci intelektualnej przynosi wiele korzy\u015bci z punktu widzenia prawnego, handlowego i finansowego, m.in.:<\/span><\/p>\n<ul>\n<li><span style=\"color: #000000;\">daje mo\u017cliwo\u015b\u0107 zakazywania innym podmiotom u\u017cywania tej samej technologii, identycznej lub podobnej nazwy, wzoru albo kszta\u0142tu produktu;<\/span><\/li>\n<li><span style=\"color: #000000;\">uzyskanie wy\u0142\u0105czno\u015bci na towary i spos\u00f3b wytwarzania mo\u017ce by\u0107 narz\u0119dziem handlowym s\u0142u\u017c\u0105cym do zach\u0119cenia nowych i utrzymaniu istniej\u0105cych klient\u00f3w;<\/span><\/li>\n<li><span style=\"color: #000000;\">jest czynnikiem zwi\u0119kszaj\u0105cym wiarygodno\u015b\u0107 w oczach partner\u00f3w biznesowych;<\/span><\/li>\n<li><span style=\"color: #000000;\">zapewnia r\u00f3wnie\u017c istotne korzy\u015bci podatkowe.<\/span><\/li>\n<\/ul>\n<p><span style=\"color: #000000;\">Wspania\u0142e pomys\u0142y stanowi\u0105 jedynie wtedy warto\u015b\u0107, je\u015bli mog\u0105 by\u0107 ochronione przed konkurencj\u0105. Firmy, kt\u00f3re nie zastrzegaj\u0105 w odpowiedni spos\u00f3b swoich technologii, oznacze\u0144 i produkt\u00f3w nara\u017caj\u0105 si\u0119 na to, \u017ce ich konkurenci b\u0119d\u0105 wytwarza\u0107 i wprowadza\u0107 do obrotu takie same produkty opatrzone identycznym lub podobnym oznaczeniem.<\/span><\/p>\n<p><span style=\"color: #3366ff;\">Innovation and creativity are crucial to the success of your business. Whether you have an innovative idea, intend to launch a new product, with a distinctive name you should consider legally protecting your intellectual property. Intellectual property refers to creations of the mind: inventions, names, designs used in commerce.<br \/>\nProtecting Intellectual Property has several advantages on a legal, commercial and financial level, namely:<\/span><\/p>\n<ul>\n<li><span style=\"color: #3366ff;\">provides the right to prevent third parties from using the same technology, an identical or similar name, design or shape;<\/span><\/li>\n<li><span style=\"color: #3366ff;\">the exclusive aspect of the product, manufacturing method may indeed be used as a commercial tool, to attract new customers and to keep existing customers;<\/span><\/li>\n<li><span style=\"color: #3366ff;\">intellectual property is a recognition factor providing greater credibility with your business partners;<\/span><\/li>\n<li><span style=\"color: #3366ff;\">gives significant tax benefits.<\/span><\/li>\n<\/ul>\n<p><span style=\"color: #3366ff;\">Great ideas are only of value if they can be protected from the competitors. Companies that fail to properly protect their technology, their inventions, their brands or their products are very vulnerable, as their competitors may manufacture and provide the same products marked with identical or similar trademark.<\/span><\/p>\n","protected":false},"excerpt":{"rendered":"<p>Innowacyjno\u015b\u0107 i kreatywno\u015b\u0107 to klucz do osi\u0105gni\u0119cia sukcesu. Posiadasz innowacyjny pomys\u0142, zastanawiasz si\u0119 nad wprowadzeniem nowego produktu, oznaczonego wyr\u00f3\u017cniaj\u0105c\u0105 nazw\u0105? Najwy\u017cszy czas aby\u015b zdecydowa\u0142 si\u0119 na ochron\u0119 swojej w\u0142asno\u015bci intelektualnej. W\u0142asno\u015b\u0107 intelektualna to wytwory umys\u0142u: wynalazki, nazwy i wzory u\u017cywane w handlu. Ochrona w\u0142asno\u015bci intelektualnej przynosi wiele korzy\u015bci z punktu widzenia prawnego, handlowego i finansowego,<\/p>\n","protected":false},"author":1,"featured_media":0,"parent":0,"menu_order":0,"comment_status":"closed","ping_status":"open","template":"fullwidth.php","meta":{"footnotes":""},"_links":{"self":[{"href":"https:\/\/proinnovativa.eu\/index.php?rest_route=\/wp\/v2\/pages\/2"}],"collection":[{"href":"https:\/\/proinnovativa.eu\/index.php?rest_route=\/wp\/v2\/pages"}],"about":[{"href":"https:\/\/proinnovativa.eu\/index.php?rest_route=\/wp\/v2\/types\/page"}],"author":[{"embeddable":true,"href":"https:\/\/proinnovativa.eu\/index.php?rest_route=\/wp\/v2\/users\/1"}],"replies":[{"embeddable":true,"href":"https:\/\/proinnovativa.eu\/index.php?rest_route=%2Fwp%2Fv2%2Fcomments&post=2"}],"version-history":[{"count":11,"href":"https:\/\/proinnovativa.eu\/index.php?rest_route=\/wp\/v2\/pages\/2\/revisions"}],"predecessor-version":[{"id":264,"href":"https:\/\/proinnovativa.eu\/index.php?rest_route=\/wp\/v2\/pages\/2\/revisions\/264"}],"wp:attachment":[{"href":"https:\/\/proinnovativa.eu\/index.php?rest_route=%2Fwp%2Fv2%2Fmedia&parent=2"}],"curies":[{"name":"wp","href":"https:\/\/api.w.org\/{rel}","templated":true}]}}