{"id":130,"date":"2017-05-09T12:28:03","date_gmt":"2017-05-09T12:28:03","guid":{"rendered":"http:\/\/proinnovativa.eu\/?page_id=130"},"modified":"2020-10-12T08:33:38","modified_gmt":"2020-10-12T08:33:38","slug":"nasza-kancelaria","status":"publish","type":"page","link":"https:\/\/proinnovativa.eu\/?page_id=130&lang=pl","title":{"rendered":"Nasza Kancelaria \/ Our company"},"content":{"rendered":"<p><span style=\"color: #000000;\">Nasza Kancelaria zapewnia us\u0142ugi w wielu dziedzinach zawi\u0105zanych z ochron\u0105 w\u0142asno\u015bci przemys\u0142owej poczynaj\u0105c od wynalazk\u00f3w, wzor\u00f3w przemys\u0142owych, znak\u00f3w towarowych.<\/span><\/p>\n<p><span style=\"color: #000000;\">Nasza Kancelaria posiada do\u015bwiadczenie w dzia\u0142aniu na rzecz klient\u00f3w w Polsce i na \u015bwiecie w przygotowaniu zg\u0142osze\u0144 wynalazk\u00f3w, wzor\u00f3w przemys\u0142owych i znak\u00f3w towarowych. Ponadto posiadamy do\u015bwiadczenie w zakresie post\u0119powa\u0144 zwi\u0105zanych ze sprzeciwami, odwo\u0142aniami i wnioskami o uniewa\u017cnienie. Nasza Kancelaria \u015bwiadczy us\u0142ugi w Polsce i przed EPO (Europejski Urz\u0105d Patentowy), EUIPO (Urz\u0105d Unii Europejskiej ds. w\u0142asno\u015bci intelektualnej) i WIPO (\u015awiatowa Organizacja W\u0142asno\u015bci Intelektualnej).<\/span><\/p>\n<p><span style=\"color: #000000;\">Kancelaria prawno-patentowa Proinnovativa oferuje r\u00f3\u017cnorodno\u015b\u0107 us\u0142ug z zakresu ochrony w\u0142asno\u015bci intelektualnej i przemys\u0142owej, np.:<\/span><\/p>\n<ul>\n<li><span style=\"color: #000000;\">zg\u0142aszanie i procedowanie w sprawie zg\u0142osze\u0144 wynalazk\u00f3w, wzor\u00f3w u\u017cytkowych oraz wzor\u00f3w przemys\u0142owych przed Urz\u0119dem Patentowym RP, Urz\u0119dem Unii Europejskiej ds. w\u0142asno\u015bci intelektualnej itd.;<\/span><\/li>\n<li><span style=\"color: #000000;\">zg\u0142aszanie i procedowanie w sprawie krajowych, wsp\u00f3lnotowych i mi\u0119dzynarodowych znak\u00f3w towarowych;<\/span><\/li>\n<li><span style=\"color: #000000;\">przeprowadzanie bada\u0144 znak\u00f3w towarowych, wzor\u00f3w przemys\u0142owych i wynalazk\u00f3w;<\/span><\/li>\n<li><span style=\"color: #000000;\">prowadzenie post\u0119powa\u0144 w sprawie uniewa\u017cnienia znak\u00f3w towarowych, wynalazk\u00f3w, wzor\u00f3w u\u017cytkowych oraz wzor\u00f3w przemys\u0142owych, a tak\u017ce post\u0119powa\u0144 w sprawie narusze\u0144 praw wy\u0142\u0105cznych;<\/span><\/li>\n<li><span style=\"color: #000000;\">prowadzenie negocjacji w sprawach dotycz\u0105cych przenoszenia praw do nazw domen internetowych, przygotowywanie um\u00f3w dotycz\u0105cych nazw domen;<\/span><\/li>\n<li><span style=\"color: #000000;\">prowadzenie post\u0119powa\u0144 w sprawie zwalczania piractwa domenowego (cybersquatting);<\/span><\/li>\n<li><span style=\"color: #000000;\">dochodzenie praw przed s\u0105dami cywilnymi i organami arbitra\u017cowymi;<\/span><\/li>\n<li><span style=\"color: #000000;\">przygotowanie um\u00f3w licencyjnych, opinii prawnych i ekspertyz;<\/span><\/li>\n<li><span style=\"color: #000000;\">prowadzenie post\u0119powa\u0144 w sprawie czyn\u00f3w nieuczciwej konkurencji, a tak\u017ce post\u0119powa\u0144 zwi\u0105zanych z ochron\u0105 praw autorskich.<\/span><\/li>\n<\/ul>\n<p><span style=\"color: #3366ff;\">Our company guarantees assistance and professional background in the several sectors of the industrial property, from patents and industrial models to trade marks.<\/span><\/p>\n<p><span style=\"color: #3366ff;\">Our firm has an experience in acting on behalf of clients in Poland, Europe and world-wide in general, in the filing and prosecution of patent, industrial model and trademark applications. We represent clients also in opposition, appeal and cancellation administrative proceedings. Our company may offer these services directly in Poland and before EPO (European Patent Office), EUIPO (<span class=\"st\">European Union Intellectual Property Office<\/span>) and WIPO (World Intellectual Property Organization).<\/span><\/p>\n<p><span style=\"color: #3366ff;\">Law and patent office Proinnovativa provides a variety of services in all fields of intellectual property protection, inter alia:<\/span><\/p>\n<ul>\n<li><span style=\"color: #3366ff;\">filing and prosecution of inventions, utility models and industrial designs applications before inter alia the Polish Patent Office and the <span class=\"st\">European Union Intellectual Property Office <\/span>(EUIPO);<\/span><\/li>\n<li><span style=\"color: #3366ff;\">conducting proceedings regarding registration of national, international and community trademarks;<\/span><\/li>\n<li><span style=\"color: #3366ff;\">conducting searches concerning trademarks, industrial designs and inventions;<\/span><\/li>\n<li><span style=\"color: #3366ff;\">conducting proceedings regarding invalidation proceedings (trademarks, inventions, industrial designs, utility models) as well as conducting proceedings regarding infringement of the exclusive rights;<\/span><\/li>\n<li><span style=\"color: #3366ff;\">conducting negotiations concerning Internet domain name transfer, drafting agreements concerning domain names;<\/span><\/li>\n<li><span style=\"color: #3366ff;\">conducting proceedings regarding counteracting cybersquatting;<\/span><\/li>\n<li><span style=\"color: #3366ff;\">representation before common courts and arbitration institutions;<\/span><\/li>\n<li><span style=\"color: #3366ff;\">preparing license agreements and legal opinions;<\/span><\/li>\n<li><span style=\"color: #3366ff;\">conducting proceedings against unfair competition and proceedings regarding protection of copyright.<\/span><\/li>\n<\/ul>\n","protected":false},"excerpt":{"rendered":"<p>Nasza Kancelaria zapewnia us\u0142ugi w wielu dziedzinach zawi\u0105zanych z ochron\u0105 w\u0142asno\u015bci przemys\u0142owej poczynaj\u0105c od wynalazk\u00f3w, wzor\u00f3w przemys\u0142owych, znak\u00f3w towarowych. Nasza Kancelaria posiada do\u015bwiadczenie w dzia\u0142aniu na rzecz klient\u00f3w w Polsce i na \u015bwiecie w przygotowaniu zg\u0142osze\u0144 wynalazk\u00f3w, wzor\u00f3w przemys\u0142owych i znak\u00f3w towarowych. Ponadto posiadamy do\u015bwiadczenie w zakresie post\u0119powa\u0144 zwi\u0105zanych ze sprzeciwami, odwo\u0142aniami i wnioskami o<\/p>\n","protected":false},"author":1,"featured_media":0,"parent":0,"menu_order":0,"comment_status":"closed","ping_status":"closed","template":"fullwidth.php","meta":{"footnotes":""},"_links":{"self":[{"href":"https:\/\/proinnovativa.eu\/index.php?rest_route=\/wp\/v2\/pages\/130"}],"collection":[{"href":"https:\/\/proinnovativa.eu\/index.php?rest_route=\/wp\/v2\/pages"}],"about":[{"href":"https:\/\/proinnovativa.eu\/index.php?rest_route=\/wp\/v2\/types\/page"}],"author":[{"embeddable":true,"href":"https:\/\/proinnovativa.eu\/index.php?rest_route=\/wp\/v2\/users\/1"}],"replies":[{"embeddable":true,"href":"https:\/\/proinnovativa.eu\/index.php?rest_route=%2Fwp%2Fv2%2Fcomments&post=130"}],"version-history":[{"count":5,"href":"https:\/\/proinnovativa.eu\/index.php?rest_route=\/wp\/v2\/pages\/130\/revisions"}],"predecessor-version":[{"id":262,"href":"https:\/\/proinnovativa.eu\/index.php?rest_route=\/wp\/v2\/pages\/130\/revisions\/262"}],"wp:attachment":[{"href":"https:\/\/proinnovativa.eu\/index.php?rest_route=%2Fwp%2Fv2%2Fmedia&parent=130"}],"curies":[{"name":"wp","href":"https:\/\/api.w.org\/{rel}","templated":true}]}}